{"id":92,"date":"2025-04-04T16:46:04","date_gmt":"2025-04-04T16:46:04","guid":{"rendered":"https:\/\/aguaceron.com\/?page_id=92"},"modified":"2025-04-11T21:47:07","modified_gmt":"2025-04-11T21:47:07","slug":"nuestros-productos","status":"publish","type":"page","link":"https:\/\/aguaceron.com\/index.php\/nuestros-productos\/","title":{"rendered":"Nuestros Productos"},"content":{"rendered":"\n<p class=\"has-text-align-center has-small-font-size\"><strong>Agua pura y de calidad, disponible en botellones y botellas de diferentes tama\u00f1os, para mantenerte hidratado en todo momento.<\/strong><\/p>\n\n\n\n<div class=\"wp-block-columns is-not-stacked-on-mobile is-layout-flex wp-container-core-columns-is-layout-28f84493 wp-block-columns-is-layout-flex\">\n<div class=\"wp-block-column is-layout-flow wp-block-column-is-layout-flow\">\n<figure class=\"wp-block-image size-large\"><img loading=\"lazy\" decoding=\"async\" width=\"683\" height=\"1024\" src=\"https:\/\/aguaceron.com\/wp-content\/uploads\/2025\/04\/MG_3968-3-683x1024.jpg\" alt=\"\" class=\"wp-image-99\" style=\"aspect-ratio:1;object-fit:cover\" srcset=\"https:\/\/aguaceron.com\/wp-content\/uploads\/2025\/04\/MG_3968-3-683x1024.jpg 683w, https:\/\/aguaceron.com\/wp-content\/uploads\/2025\/04\/MG_3968-3-200x300.jpg 200w, https:\/\/aguaceron.com\/wp-content\/uploads\/2025\/04\/MG_3968-3-768x1152.jpg 768w, https:\/\/aguaceron.com\/wp-content\/uploads\/2025\/04\/MG_3968-3-1024x1536.jpg 1024w, https:\/\/aguaceron.com\/wp-content\/uploads\/2025\/04\/MG_3968-3-1365x2048.jpg 1365w, https:\/\/aguaceron.com\/wp-content\/uploads\/2025\/04\/MG_3968-3-scaled.jpg 1707w\" sizes=\"auto, (max-width: 683px) 100vw, 683px\" \/><\/figure>\n<\/div>\n\n\n\n<div class=\"wp-block-column is-layout-flow wp-block-column-is-layout-flow\">\n<figure class=\"wp-block-image size-large\"><img loading=\"lazy\" decoding=\"async\" width=\"683\" height=\"1024\" src=\"https:\/\/aguaceron.com\/wp-content\/uploads\/2025\/04\/MG_3777-3-683x1024.jpg\" alt=\"\" class=\"wp-image-94\" style=\"aspect-ratio:1;object-fit:cover\" srcset=\"https:\/\/aguaceron.com\/wp-content\/uploads\/2025\/04\/MG_3777-3-683x1024.jpg 683w, https:\/\/aguaceron.com\/wp-content\/uploads\/2025\/04\/MG_3777-3-200x300.jpg 200w, https:\/\/aguaceron.com\/wp-content\/uploads\/2025\/04\/MG_3777-3-768x1152.jpg 768w, https:\/\/aguaceron.com\/wp-content\/uploads\/2025\/04\/MG_3777-3-1024x1536.jpg 1024w, https:\/\/aguaceron.com\/wp-content\/uploads\/2025\/04\/MG_3777-3-1365x2048.jpg 1365w, https:\/\/aguaceron.com\/wp-content\/uploads\/2025\/04\/MG_3777-3-scaled.jpg 1707w\" sizes=\"auto, (max-width: 683px) 100vw, 683px\" \/><\/figure>\n<\/div>\n<\/div>\n\n\n\n<div class=\"wp-block-columns is-not-stacked-on-mobile is-layout-flex wp-container-core-columns-is-layout-28f84493 wp-block-columns-is-layout-flex\">\n<div class=\"wp-block-column is-layout-flow wp-block-column-is-layout-flow\">\n<h3 class=\"wp-block-heading has-text-align-center\">Botell\u00f3n de agua 20 litros.<\/h3>\n\n\n\n<h2 class=\"wp-block-heading has-text-align-center\">$2,30<strong> incl. <\/strong>iva<\/h2>\n\n\n\n<div class=\"wp-block-buttons is-content-justification-center is-layout-flex wp-container-core-buttons-is-layout-a89b3969 wp-block-buttons-is-layout-flex\">\n<div class=\"wp-block-button has-custom-font-size is-style-outline is-style-outline--1\" style=\"font-size:clamp(0.875rem, 0.875rem + ((1vw - 0.2rem) * 0.2), 1rem);\"><a class=\"wp-block-button__link has-base-color has-text-color has-background has-link-color has-text-align-center wp-element-button\" href=\"http:\/\/wa.me\/593963042450?text=WEB: Hola, quisiera comprar botell\u00f3n de agua 20 litros.\" style=\"background-color:#129099\">Comprar<\/a><\/div>\n<\/div>\n<\/div>\n\n\n\n<div class=\"wp-block-column is-layout-flow wp-block-column-is-layout-flow\">\n<h3 class=\"wp-block-heading has-text-align-center\"><strong>Gal\u00f3n de agua 4 litros<\/strong><\/h3>\n\n\n\n<h2 class=\"wp-block-heading has-text-align-center\">$1,15 incl. iva<\/h2>\n\n\n\n<div class=\"wp-block-columns is-layout-flex wp-container-core-columns-is-layout-28f84493 wp-block-columns-is-layout-flex\">\n<div class=\"wp-block-column is-layout-flow wp-block-column-is-layout-flow\">\n<div class=\"wp-block-buttons is-content-justification-center is-layout-flex wp-container-core-buttons-is-layout-a89b3969 wp-block-buttons-is-layout-flex\">\n<div class=\"wp-block-button has-custom-font-size is-style-outline is-style-outline--2\" style=\"font-size:clamp(0.875rem, 0.875rem + ((1vw - 0.2rem) * 0.2), 1rem);\"><a class=\"wp-block-button__link has-base-color has-text-color has-background has-link-color has-text-align-center wp-element-button\" href=\"http:\/\/wa.me\/593963042450?text=WEB: Hola, quisiera comprar Gal\u00f3n de agua 4 litros.\" style=\"background-color:#129099\">Comprar<\/a><\/div>\n<\/div>\n<\/div>\n<\/div>\n<\/div>\n<\/div>\n\n\n\n<div class=\"wp-block-columns is-not-stacked-on-mobile is-layout-flex wp-container-core-columns-is-layout-28f84493 wp-block-columns-is-layout-flex\">\n<div class=\"wp-block-column is-layout-flow wp-block-column-is-layout-flow\">\n<figure class=\"wp-block-image size-large\"><img loading=\"lazy\" decoding=\"async\" width=\"683\" height=\"1024\" src=\"https:\/\/aguaceron.com\/wp-content\/uploads\/2025\/04\/MG_3773-2-683x1024.jpg\" alt=\"\" class=\"wp-image-100\" style=\"aspect-ratio:1;object-fit:cover\" srcset=\"https:\/\/aguaceron.com\/wp-content\/uploads\/2025\/04\/MG_3773-2-683x1024.jpg 683w, https:\/\/aguaceron.com\/wp-content\/uploads\/2025\/04\/MG_3773-2-200x300.jpg 200w, https:\/\/aguaceron.com\/wp-content\/uploads\/2025\/04\/MG_3773-2-768x1152.jpg 768w, https:\/\/aguaceron.com\/wp-content\/uploads\/2025\/04\/MG_3773-2-1024x1536.jpg 1024w, https:\/\/aguaceron.com\/wp-content\/uploads\/2025\/04\/MG_3773-2-1365x2048.jpg 1365w, https:\/\/aguaceron.com\/wp-content\/uploads\/2025\/04\/MG_3773-2-scaled.jpg 1707w\" sizes=\"auto, (max-width: 683px) 100vw, 683px\" \/><\/figure>\n\n\n\n<div class=\"wp-block-columns is-layout-flex wp-container-core-columns-is-layout-28f84493 wp-block-columns-is-layout-flex\">\n<div class=\"wp-block-column is-layout-flow wp-block-column-is-layout-flow\">\n<h3 class=\"wp-block-heading has-text-align-center\">Paca de 24 botellas 500 ml.<\/h3>\n\n\n\n<h2 class=\"wp-block-heading has-text-align-center\">$3,45 incl. iva<\/h2>\n\n\n\n<div class=\"wp-block-buttons is-content-justification-center is-layout-flex wp-container-core-buttons-is-layout-a89b3969 wp-block-buttons-is-layout-flex\">\n<div class=\"wp-block-button has-custom-font-size is-style-outline is-style-outline--3\" style=\"font-size:clamp(0.875rem, 0.875rem + ((1vw - 0.2rem) * 0.2), 1rem);\"><a class=\"wp-block-button__link has-base-color has-text-color has-background has-link-color has-text-align-center wp-element-button\" href=\"http:\/\/wa.me\/593963042450?text=WEB: Hola, quisiera comprar una paca de 24 botellas de 500ml\" style=\"background-color:#129099\">Comprar<\/a><\/div>\n<\/div>\n<\/div>\n<\/div>\n<\/div>\n\n\n\n<div class=\"wp-block-column is-layout-flow wp-block-column-is-layout-flow\">\n<figure class=\"wp-block-image size-large\"><img loading=\"lazy\" decoding=\"async\" width=\"683\" height=\"1024\" src=\"https:\/\/aguaceron.com\/wp-content\/uploads\/2025\/04\/MG_3769-4-683x1024.jpg\" alt=\"\" class=\"wp-image-101\" style=\"aspect-ratio:1;object-fit:cover\" srcset=\"https:\/\/aguaceron.com\/wp-content\/uploads\/2025\/04\/MG_3769-4-683x1024.jpg 683w, https:\/\/aguaceron.com\/wp-content\/uploads\/2025\/04\/MG_3769-4-200x300.jpg 200w, https:\/\/aguaceron.com\/wp-content\/uploads\/2025\/04\/MG_3769-4-768x1152.jpg 768w, https:\/\/aguaceron.com\/wp-content\/uploads\/2025\/04\/MG_3769-4-1024x1536.jpg 1024w, https:\/\/aguaceron.com\/wp-content\/uploads\/2025\/04\/MG_3769-4-1365x2048.jpg 1365w, https:\/\/aguaceron.com\/wp-content\/uploads\/2025\/04\/MG_3769-4-scaled.jpg 1707w\" sizes=\"auto, (max-width: 683px) 100vw, 683px\" \/><\/figure>\n\n\n\n<div class=\"wp-block-columns is-layout-flex wp-container-core-columns-is-layout-28f84493 wp-block-columns-is-layout-flex\">\n<div class=\"wp-block-column is-layout-flow wp-block-column-is-layout-flow\">\n<div class=\"wp-block-columns is-layout-flex wp-container-core-columns-is-layout-28f84493 wp-block-columns-is-layout-flex\">\n<div class=\"wp-block-column is-layout-flow wp-block-column-is-layout-flow\">\n<h3 class=\"wp-block-heading has-text-align-center\">Paca de 12 botellas 1 litro<\/h3>\n\n\n\n<h2 class=\"wp-block-heading has-text-align-center\">$3,45 incl. iva<\/h2>\n<\/div>\n<\/div>\n<\/div>\n<\/div>\n\n\n\n<div class=\"wp-block-buttons is-content-justification-center is-layout-flex wp-container-core-buttons-is-layout-a89b3969 wp-block-buttons-is-layout-flex\">\n<div class=\"wp-block-button has-custom-font-size\" style=\"font-size:clamp(0.875rem, 0.875rem + ((1vw - 0.2rem) * 0.2), 1rem);\"><a class=\"wp-block-button__link has-base-color has-text-color has-background has-link-color has-text-align-center wp-element-button\" href=\"http:\/\/wa.me\/593963042450?text=WEB: Hola, quisiera comprar una paca de 12 botellas de 1 litro\" style=\"background-color:#129099\">Comprar<\/a><\/div>\n<\/div>\n<\/div>\n<\/div>\n","protected":false},"excerpt":{"rendered":"<p>Agua pura y de calidad, disponible en botellones y botellas de diferentes tama\u00f1os, para mantenerte hidratado en todo momento. Botell\u00f3n de agua 20 litros. $2,30 incl. iva Gal\u00f3n de agua 4 litros $1,15 incl. iva Paca de 24 botellas 500 ml. $3,45 incl. iva Paca de 12 botellas 1 litro $3,45 incl. iva<\/p>\n","protected":false},"author":1,"featured_media":98,"parent":0,"menu_order":0,"comment_status":"closed","ping_status":"closed","template":"","meta":{"footnotes":""},"class_list":["post-92","page","type-page","status-publish","has-post-thumbnail","hentry"],"_links":{"self":[{"href":"https:\/\/aguaceron.com\/index.php\/wp-json\/wp\/v2\/pages\/92","targetHints":{"allow":["GET"]}}],"collection":[{"href":"https:\/\/aguaceron.com\/index.php\/wp-json\/wp\/v2\/pages"}],"about":[{"href":"https:\/\/aguaceron.com\/index.php\/wp-json\/wp\/v2\/types\/page"}],"author":[{"embeddable":true,"href":"https:\/\/aguaceron.com\/index.php\/wp-json\/wp\/v2\/users\/1"}],"replies":[{"embeddable":true,"href":"https:\/\/aguaceron.com\/index.php\/wp-json\/wp\/v2\/comments?post=92"}],"version-history":[{"count":6,"href":"https:\/\/aguaceron.com\/index.php\/wp-json\/wp\/v2\/pages\/92\/revisions"}],"predecessor-version":[{"id":143,"href":"https:\/\/aguaceron.com\/index.php\/wp-json\/wp\/v2\/pages\/92\/revisions\/143"}],"wp:featuredmedia":[{"embeddable":true,"href":"https:\/\/aguaceron.com\/index.php\/wp-json\/wp\/v2\/media\/98"}],"wp:attachment":[{"href":"https:\/\/aguaceron.com\/index.php\/wp-json\/wp\/v2\/media?parent=92"}],"curies":[{"name":"wp","href":"https:\/\/api.w.org\/{rel}","templated":true}]}}